{"id":428,"date":"2018-11-26T15:51:39","date_gmt":"2018-11-26T14:51:39","guid":{"rendered":"https:\/\/canditten.de\/?page_id=428"},"modified":"2026-01-28T11:27:30","modified_gmt":"2026-01-28T10:27:30","slug":"impressum","status":"publish","type":"page","link":"https:\/\/canditten.de\/?page_id=428","title":{"rendered":"Impressum"},"content":{"rendered":"<div class=\"wp-block-image\">\n<figure class=\"alignright size-large is-resized\"><img loading=\"lazy\" decoding=\"async\" width=\"262\" height=\"356\" src=\"https:\/\/canditten.de\/wp-content\/uploads\/2020\/03\/Birth-Gerd-September-2019-e1585570604396.jpg\" alt=\"Gerd Birth Portr\u00e4tbild 2019\" class=\"wp-image-1090\" style=\"width:180px;height:auto\"\/><\/figure>\n<\/div>\n\n\n<p><strong>Verantwortlich f\u00fcr Gestaltung und Umsetzung:<\/strong><\/p>\n\n\n\n<p><strong><em>Gerd&nbsp; B i r t h,<\/em><\/strong>&nbsp;Canditten<\/p>\n\n\n\n<p>jetzt Kantstr. 30, 41836 H\u00fcckelhoven-Baal<\/p>\n\n\n\n<p>Tel.: 02435 &#8211; 616<\/p>\n\n\n\n<p>E-Mail: g.birth(at)new-online.de<\/p>\n\n\n\n<p>Fax: 02435 &#8211; 920 280<\/p>\n\n\n\n<p><\/p>\n\n\n\n<p><\/p>\n\n\n\n<p><\/p>\n\n\n\n<p><strong>Web-Design:<\/strong><\/p>\n\n\n\n<p><a href=\"https:\/\/cap-communications.de\" target=\"_blank\" rel=\"noreferrer noopener\" aria-label=\"cap communications, Bonn (\u00f6ffnet in neuem Tab)\">cap communications<\/a>, Bonn<\/p>\n\n\n\n<p><\/p>\n\n\n\n<p><\/p>\n\n\n\n<p><strong>\u00a0Letzte \u00c4nderung am:\u00a028.01.2026<\/strong><\/p>\n\n\n\n<p><\/p>\n\n\n\n<p><\/p>\n\n\n\n<p><strong>Haftungsausschluss:<\/strong><\/p>\n\n\n\n<p>Auf dieser Internetseite wird eine Vielzahl von Informationen und Bildern zur Verf\u00fcgung gestellt, die in bestimmten Abst\u00e4nden aktualisiert werden.<\/p>\n\n\n\n<p>Ich kann jedoch keine Gew\u00e4hr f\u00fcr die Vollst\u00e4ndigkeit und Richtigkeit der eingestellten Informationen \u00fcbernehmen. Deshalb sollten Sie, liebe Landsleute und Internetbesucher, die Richtigkeit der hier pr\u00e4sentierten Informationen \u00fcberpr\u00fcfen, insbesondere wenn diese f\u00fcr Ihre Arbeit oder Weiterverwendung dienen.<\/p>\n\n\n\n<p>Au\u00dferdem kann ich keinerlei Verantwortung f\u00fcr die Inhalte und die Qualit\u00e4t der auf dieser Seite angebotenen Links \u00fcbernehmen. Die Betreiber der verlinkten Internetseiten haften jeweils selbst f\u00fcr ihre Homepage.<\/p>\n\n\n\n<p>Meine Informationen k\u00f6nnen gespeichert, weitergegeben und vervielf\u00e4ltigt werden. Die Informationen d\u00fcrfen jedoch nicht ver\u00e4ndert oder verf\u00e4lscht werden. Bei der Weitergabe und Vervielf\u00e4ltigung bitte ich, die Canditten-Homepage als Quelle anzugeben. Auch Links zu dieser Homepage k\u00f6nnen gesetzt werden.<\/p>\n\n\n\n<p><strong>Datenschutzerkl\u00e4rungen:<\/strong><\/p>\n\n\n\n<p><strong>1. Grundlagen<\/strong><\/p>\n\n\n\n<p>Die Europ\u00e4ische Union hat am 24. 05. 2016 eine neue europ\u00e4ische Datenschutzverordnung herausgegeben, die in der Bundesrepublik Deutschland mit der Datenschutz-Grundverordnung (DS-GVO) umgesetzt und am 25. 05. 2018 in Kraft getreten ist. Ab diesem Zeitpunkt gelten die neuen Datenschutzbestimmungen auch f\u00fcr Website-Betreiber und somit auch f\u00fcr diese Homepage.<\/p>\n\n\n\n<p><strong>2. Information \u00fcber die Erhebung personenbezogener Daten<\/strong><\/p>\n\n\n\n<p>(1) Im Folgenden informieren wir \u00fcber die Erhebung personenbezogener Daten bei Nutzung unserer Website. Personenbezogene Daten sind alle Daten, die auf Sie pers\u00f6nlich beziehbar sind, z. B. Name, Adresse, Telefonnummer, Geburtstag, E-Mail-Adressen, Nutzerverhalten.<\/p>\n\n\n\n<p>(2) Bei Ihrer Kontaktaufnahme mit uns per E-Mail oder \u00fcber ein Kontaktformular werden die von Ihnen mitgeteilten Daten (Ihre E-Mail-Adresse, ggf. Ihr Name und Ihre Telefonnummer) von uns gespeichert, um Ihre Fragen zu beantworten. Die in diesem Zusammenhang anfallenden Daten l\u00f6schen wir, nachdem die Speicherung nicht mehr erforderlich ist, oder schr\u00e4nken die Verarbeitung ein, falls gesetzliche Aufbewahrungspflichten bestehen.<\/p>\n\n\n\n<p>(3) Wir geben keine personenbezogenen Daten an Dienstleister weiter und nutzen Ihre Daten nicht f\u00fcr gewerbliche Zwecke.<\/p>\n\n\n\n<p><strong>3. Ihre Rechte<\/strong><\/p>\n\n\n\n<p>(1) Sie haben uns gegen\u00fcber folgende Rechte hinsichtlich der Sie betreffenden personenbezogenen Daten:<\/p>\n\n\n\n<p>&#8211; Recht auf Auskunft<\/p>\n\n\n\n<p>&#8211; Recht auf Berichtigung der Verarbeitung<\/p>\n\n\n\n<p>&#8211; Recht auf Einschr\u00e4nkung der Verarbeitung<\/p>\n\n\n\n<p>&#8211; Recht auf Widerspruch gegen die Verarbeitung<\/p>\n\n\n\n<p>&#8211; Recht auf Daten\u00fcbertragbarkeit.<\/p>\n\n\n\n<p>(2) Sie haben zudem das Recht, sich bei einer Datenschutz-Aufsichtsbeh\u00f6rde \u00fcber die Verarbeitung Ihrer personenbezogenen Daten durch uns zu beschweren.<\/p>\n\n\n\n<p><strong>4. Weitere Funktionen und Angebote unserer Websit<\/strong>e<\/p>\n\n\n\n<p>(1) Neben der rein informatorischen Nutzung unserer Website bieten wir verschiedene Leistungen an, die Sie bei Interesse nutzen k\u00f6nnen. Dazu m\u00fcssen Sie in der Regel weitere personenbezogene Daten angeben, die wir zur Erbringung der jeweiligen Leistung nutzen und f\u00fcr die auch die zuvor genannten Grunds\u00e4tze zur Datenverarbeitung gelten.<\/p>\n\n\n\n<p>(2) Teilweise bedienen wir uns zur Verarbeitung Ihrer Daten der Kreisgemeinschaft Pr. Eylau, die ebenfalls an die Bestimmungen der DS-GVO gebunden ist.<\/p>\n\n\n\n<p><strong>5. Widerspruch oder Widerruf gegen die Verarbeitung Ihrer Daten<\/strong><\/p>\n\n\n\n<p>(1) Falls Sie eine Einwilligung zur Verarbeitung Ihrer Daten erteilt haben, k\u00f6nnen Sie diese jederzeit widerrufen. Ein solcher Widerruf beeinflusst die Zul\u00e4ssigkeit der Verarbeitung Ihrer personenbezogenen Daten, nachdem Sie ihn gegen\u00fcber uns ausgesprochen haben.<\/p>\n\n\n\n<p>(2) Soweit wir die Verarbeitung Ihrer personenbezogenen Daten auf die Interessenabw\u00e4gung st\u00fctzen, k\u00f6nnen Sie Widerspruch gegen die Verarbeitung einlegen. Dies ist der Fall, wenn die Verarbeitung insbesondere nicht zur Erf\u00fcllung eines Vertrags mit Ihnen erforderlich ist, was von uns jeweils bei der nachfolgenden Beschreibung der Funktionen dargestellt wird. Bei Aus\u00fcbung eines solchen Widerspruchs bitten wir um Darlegung der Gr\u00fcnde, weshalb wir Ihre personenbezogenen Daten nicht wie von uns durchgef\u00fchrt verarbeiten sollten. Im Falle Ihres begr\u00fcndeten Widerspruchs pr\u00fcfen wir die Sachlage und werden entweder die Datenverarbeitung einstellen bzw. anpassen oder Ihnen unsere zwingenden schutzw\u00fcrdigen Gr\u00fcnde aufzeigen, aufgrund derer wir die Verarbeitung fortf\u00fchren.<\/p>\n\n\n\n<p>(3) Selbstverst\u00e4ndlich k\u00f6nnen Sie der Verarbeitung Ihrer personenbezogenen Daten f\u00fcr Zwecke der Information und Datenanalyse jederzeit widersprechen. \u00dcber Ihren Widerspruch k\u00f6nnen Sie uns unter den oben genannten Kontaktdaten informieren.<\/p>\n\n\n\n\n\n<p>&nbsp;<strong>Quellennachweis f\u00fcr den Inhalt dieser Website:<\/strong><\/p>\n\n\n\n<p>&#8211; \u201eDer Kreis Preussisch Eylau\u201c von Horst Schulz, 1981<\/p>\n\n\n\n<p>&#8211; \u201eDie St\u00e4dte und Gemeinden des Kreises Preu\u00dfisch Eylau\u201c von Horst Schulz, 1990<\/p>\n\n\n\n<p>&#8211; \u201eHeimat-Chronik Canditten\u201c&nbsp; von Kantor Gustav Glass, 1952<\/p>\n\n\n\n<p>&#8211; &#8222;Die Pru\u00dfen&#8220;, herausgegeben von der Landsmannschaft Ostpreu\u00dfen, 1980<\/p>\n\n\n\n<p>&#8211; \u201eWoria&#8220; von Martin Rousselle, 1924, neu aufgelegt 1981<\/p>\n\n\n\n<p>&#8211; Messtischblatt Nr. 1688 Canditten<\/p>\n\n\n\n<p>&#8211; Atlas \u201eOstdeutschland\u201c S\u00fcdwest-Verlag<\/p>\n\n\n\n<p>&#8211; \u201ePreu\u00dfische Allgemeine Zeitung\u201c (Werbeprospekt)<\/p>\n\n\n\n<p>&#8211; Lagekarten, Stand 1944, von Ortwin Mey<\/p>\n\n\n\n<p>&#8211; &#8222;Plan Odnowy Miejscowo\u015bci Kandyty na lata 2010-2018&#8220; von der Gmina G\u00f3rowo I\u0142aweckie (Gro\u00dfgemeinde Landsberg-Land), freundlicherweise zur Verf\u00fcgung gestellt von der B\u00fcrgermeisterin, Frau Bozena Olszewska-Switaj<\/p>\n\n\n\n<p>&#8211; Eigene Erlebnisse und Erfahrungen<\/p>\n\n\n\n<p>&#8211; Eigene Unterlagen<\/p>\n\n\n\n<p>&#8211; Datenschutz-Grundverordnung (DS-GVO)<\/p>\n","protected":false},"excerpt":{"rendered":"<p>Verantwortlich f\u00fcr Gestaltung und Umsetzung: Gerd&nbsp; B i r t h,&nbsp;Canditten jetzt Kantstr. 30, 41836 H\u00fcckelhoven-Baal Tel.: 02435 &#8211; 616 E-Mail: g.birth(at)new-online.de Fax: 02435 &#8211; 920 280 Web-Design: cap communications, Bonn \u00a0Letzte \u00c4nderung am:\u00a028.01.2026 Haftungsausschluss: Auf dieser Internetseite wird eine Vielzahl von Informationen und Bildern zur Verf\u00fcgung gestellt, die in bestimmten Abst\u00e4nden aktualisiert werden. Ich &#8230; <a title=\"Impressum\" class=\"read-more\" href=\"https:\/\/canditten.de\/?page_id=428\" aria-label=\"Mehr Informationen \u00fcber Impressum\">Weiterlesen<\/a><\/p>\n","protected":false},"author":8,"featured_media":0,"parent":0,"menu_order":0,"comment_status":"closed","ping_status":"closed","template":"","meta":{"footnotes":""},"class_list":["post-428","page","type-page","status-publish"],"_links":{"self":[{"href":"https:\/\/canditten.de\/index.php?rest_route=\/wp\/v2\/pages\/428","targetHints":{"allow":["GET"]}}],"collection":[{"href":"https:\/\/canditten.de\/index.php?rest_route=\/wp\/v2\/pages"}],"about":[{"href":"https:\/\/canditten.de\/index.php?rest_route=\/wp\/v2\/types\/page"}],"author":[{"embeddable":true,"href":"https:\/\/canditten.de\/index.php?rest_route=\/wp\/v2\/users\/8"}],"replies":[{"embeddable":true,"href":"https:\/\/canditten.de\/index.php?rest_route=%2Fwp%2Fv2%2Fcomments&post=428"}],"version-history":[{"count":53,"href":"https:\/\/canditten.de\/index.php?rest_route=\/wp\/v2\/pages\/428\/revisions"}],"predecessor-version":[{"id":1779,"href":"https:\/\/canditten.de\/index.php?rest_route=\/wp\/v2\/pages\/428\/revisions\/1779"}],"wp:attachment":[{"href":"https:\/\/canditten.de\/index.php?rest_route=%2Fwp%2Fv2%2Fmedia&parent=428"}],"curies":[{"name":"wp","href":"https:\/\/api.w.org\/{rel}","templated":true}]}}