{"id":412,"date":"2018-11-26T15:48:25","date_gmt":"2018-11-26T14:48:25","guid":{"rendered":"https:\/\/canditten.de\/?page_id=412"},"modified":"2023-06-02T18:57:06","modified_gmt":"2023-06-02T16:57:06","slug":"gemeinde-worschienen","status":"publish","type":"page","link":"https:\/\/canditten.de\/?page_id=412","title":{"rendered":"Gemeinde Worschienen"},"content":{"rendered":"\n<p><strong>Dorf Worschienen:<\/strong>&nbsp;Das Dorf Worschienen im Stablack-Gebiet war in der Ordenszeit als \u201eWursynen&#8220; ein kleiner prussischer Ort im Kammeramt Zinten der Komturei Balga. Der Ortsname kann vielleicht von einem prussischen Personennamen abgeleitet sein und \u201eOrt des Wurse&#8220; bedeuten. Im Jahre 1480 erscheint Worschienen noch in Ordenslisten. Sp\u00e4ter ist es in den Wirren des \u201eReiterkrieges&#8220; von 1520 untergegangen. Erst \u00fcber 40 Jahre sp\u00e4ter im Zuge der neuen Besiedlung der Stablack-Gegend wurde Worschienen neu gegr\u00fcndet. Den Br\u00fcdern Raphael und Nickel (Nikolaus) in Liebnicken wurde 1563 das ganz \u00f6de Dorf Worschienen verliehen.<\/p>\n\n\n\n<p>1575 bei der Neugr\u00fcndung des Kirchspiels Canditten waren die beiden Br\u00fcder noch im Besitz ihrer H\u00f6fe in Worschienen. Das Dorf war zu dieser Zeit bereits f\u00fcr eine Schuld des Herzogs dem Gutsherrn von Wildenhoff, Hans Jakob Truchse\u00df v. Waldburg, verpf\u00e4ndet. Dessen Sohn Wolf Heinrich erhielt 1619 den Ort verliehen. Worschienen wurde ein adliges untert\u00e4niges Bauerndorf der Beg\u00fcterung Wildenhoff, bei der es bis 1820 blieb. &#8211; Das kleine Dorf vergr\u00f6\u00dferte sich sp\u00e4ter durch neu zugeteiltes Land und Besitzteilungen. 1785 hatte \u201eWarschienen&#8220; als adliges Dorf von Wildenhoff 7 Haushalte; die Kirche lag in Canditten. Im Jahre 1820 z\u00e4hlte es als adliges Dorf von Wildenhoff 8 Haushalte und 35 Einwohner.<\/p>\n\n\n\n<p>Im selben Jahr 1820 wurden die Eigentumsverh\u00e4ltnisse der Bauern des Dorfes reguliert Jetzt zahlten sie eine j\u00e4hrliche Rente von 139 Talern 18 Sgr., leisteten vorl\u00e4ufig noch 32 Spann- und 40 Handdienste und behielten ihr Land. Die Kreiskasse erhob dazu eine j\u00e4hrliche Grundsteuer. 1831 hat Worschienen 815 Morgen Land, 4 Bauerng\u00fcter, 2 K\u00e4tner, 2 Instleute, 45 Einwohner&#8220;. &#8211; 1846 waren es 8 Wohnh\u00e4user und 98 Einwohner im Dorf und 1871 bereits 15 Wohngeb\u00e4ude, 29 Haushalte und 136 Bewohner.<\/p>\n\n\n\n<p>Das kleine Dorf in landschaftlich sch\u00f6ner Lage im Stablack und am Stradick-Fl\u00fcsschen entwickelte sich in der folgenden Zeit nicht weiter. 1895 war die Dorfflur 180 ha gro\u00df, davon 107 ha Acker und 44 ha Wiesen. Im 1. Weltkrieg merkte Worschienen von der russischen Besetzung Ende August 1914 nichts. Seit dem 30. 09. 1928 bestand die neue Gemeinde Worschienen mit dem Ortsteil Wormen. Sie war jetzt 363,40 ha gro\u00df; in 16 Wohngeb\u00e4uden und 26 Haushalten lebten 124 Bewohner. Gemeindevorsteher war 1930 M\u00f6ck &#8211; Worschienen. Der Grundsteuer-Reinertrag von 7,74 RM je ha und Jahr deutet auf mittleren Boden hin. Die Schule lag in Sangnitten. Kirche und Standesamt befanden sich in Canditten, das Amtsgericht war in Landsberg, der Amtsbezirk hie\u00df Wildenhoff.<\/p>\n\n\n\n<p>Im Jahre 1932 werden in Worschienen nur die H\u00f6fe von Friedrich Melchien, 98 ha, und Erich Melchien, 32 ha, genannt. Dazu gab es noch die H\u00f6fe von M\u00f6ck und Steinau, je um 25 ha gro\u00df. Nach dem Tode von Friedrich Melchien wurde dessen Hof geteilt: Karl Melchien behielt 50 ha, seine Schwester, die Kurt Schirmacher geheiratet hatte, bekam 48 ha zu einem neuen Hof. Worschienen lag 1,5 km nordwestlich von Sangnitten mit dem Bahnhof der Strecke K\u00f6nigsberg &#8211; Zinten &#8211; Landsberg &#8211; Rotflie\u00df und der Chaussee nach Canditten und Zinten. &#8211; Die Gemeinde hatte 1939 genau 132 Einwohner. Letzter B\u00fcrgermeister war Karl Melchien.<\/p>\n\n\n\n<p>Letzte Besitzverh\u00e4ltnisse in Worschienen 1945:<\/p>\n\n\n\n<p>Melchien, Erich (Herta) 31,75 ha Schirmacher, Kurt 50,00 ha Melchien, Karl 53,00 ha Steinau, Kurt 23,00 ha M\u00f6ck, Hugo 23,08 ha Gemeindeland 4,00 ha.<\/p>\n\n\n\n<p>Worschienen wurde um den 14. 02. 1945 von Sowjet-Truppen besetzt, nachdem es schon mehrere Tage vorher im feindlichen Artillerie-Feuer lag. Es traten dabei Sch\u00e4den an Geb\u00e4uden ein. Seit dem Sommer 1945 liegt es im polnischen Teil unseres Kreises. Von den Polen \u201eWorszyny&#8220; genannt, ist es jetzt ein kleines polnisches Bauerndorf.<\/p>\n\n\n\n<p><strong>&nbsp;Fotos aus Worschienen von damals:<\/strong><\/p>\n\n\n\n<div class=\"wp-block-columns is-layout-flex wp-container-core-columns-is-layout-9d6595d7 wp-block-columns-is-layout-flex\">\n<div class=\"wp-block-column is-layout-flow wp-block-column-is-layout-flow\">\n<figure class=\"wp-block-image size-large\"><img loading=\"lazy\" decoding=\"async\" width=\"1024\" height=\"749\" src=\"https:\/\/canditten.de\/wp-content\/uploads\/2023\/06\/Worschienen-Schirmacher-Familie-2-B-2-1024x749.jpg\" alt=\"\" class=\"wp-image-1377\" srcset=\"https:\/\/canditten.de\/wp-content\/uploads\/2023\/06\/Worschienen-Schirmacher-Familie-2-B-2-1024x749.jpg 1024w, https:\/\/canditten.de\/wp-content\/uploads\/2023\/06\/Worschienen-Schirmacher-Familie-2-B-2-300x219.jpg 300w, https:\/\/canditten.de\/wp-content\/uploads\/2023\/06\/Worschienen-Schirmacher-Familie-2-B-2-768x562.jpg 768w, https:\/\/canditten.de\/wp-content\/uploads\/2023\/06\/Worschienen-Schirmacher-Familie-2-B-2.jpg 1417w\" sizes=\"auto, (max-width: 1024px) 100vw, 1024px\" \/><\/figure>\n\n\n\n<p class=\"has-text-align-center\">Familie des Bauern Kurt Schirmacher im Jahre 1944 (Foto M. Hold)<\/p>\n<\/div>\n\n\n\n<div class=\"wp-block-column is-layout-flow wp-block-column-is-layout-flow\">\n<figure class=\"wp-block-image size-full is-resized\"><img loading=\"lazy\" decoding=\"async\" src=\"https:\/\/canditten.de\/wp-content\/uploads\/2023\/06\/Worschienen-Hof-Steinau-30er-Jahre-Foto-Kurt-Steinau-B-.jpg\" alt=\"\" class=\"wp-image-1378\" width=\"249\" height=\"185\"\/><\/figure>\n\n\n\n<p class=\"has-text-align-center\">Der Hof des Bauern Kurt Steinau in den 30er Jahren Foto K. Steinau)<\/p>\n<\/div>\n\n\n\n<div class=\"wp-block-column is-layout-flow wp-block-column-is-layout-flow\">\n<figure class=\"wp-block-image size-large is-resized\"><img loading=\"lazy\" decoding=\"async\" src=\"https:\/\/canditten.de\/wp-content\/uploads\/2023\/06\/Worschienen-Melchien-geb.-Tolkmitt-Amalie-1938-an-ihrem-73.Geb_.-m.Fam_-1-1024x694.jpg\" alt=\"\" class=\"wp-image-1379\" width=\"277\" height=\"187\" srcset=\"https:\/\/canditten.de\/wp-content\/uploads\/2023\/06\/Worschienen-Melchien-geb.-Tolkmitt-Amalie-1938-an-ihrem-73.Geb_.-m.Fam_-1-1024x694.jpg 1024w, https:\/\/canditten.de\/wp-content\/uploads\/2023\/06\/Worschienen-Melchien-geb.-Tolkmitt-Amalie-1938-an-ihrem-73.Geb_.-m.Fam_-1-300x203.jpg 300w, https:\/\/canditten.de\/wp-content\/uploads\/2023\/06\/Worschienen-Melchien-geb.-Tolkmitt-Amalie-1938-an-ihrem-73.Geb_.-m.Fam_-1-768x521.jpg 768w, https:\/\/canditten.de\/wp-content\/uploads\/2023\/06\/Worschienen-Melchien-geb.-Tolkmitt-Amalie-1938-an-ihrem-73.Geb_.-m.Fam_-1.jpg 1491w\" sizes=\"auto, (max-width: 277px) 100vw, 277px\" \/><\/figure>\n\n\n\n<p class=\"has-text-align-center\">Familie Melchien im Jahre 1938<\/p>\n<\/div>\n<\/div>\n\n\n\n<p><strong>Neuere Fotos aus Worschienen (jetzt Worszyny):<\/strong><\/p>\n\n\n\n<div class=\"wp-block-columns is-layout-flex wp-container-core-columns-is-layout-9d6595d7 wp-block-columns-is-layout-flex\">\n<div class=\"wp-block-column is-layout-flow wp-block-column-is-layout-flow\">\n<figure class=\"wp-block-image size-full\"><img loading=\"lazy\" decoding=\"async\" width=\"757\" height=\"523\" src=\"https:\/\/canditten.de\/wp-content\/uploads\/2023\/06\/Worschienen-Hof-Kurt-Schirmacher-um-1998-Foto-Hold-B.jpg\" alt=\"\" class=\"wp-image-1382\" srcset=\"https:\/\/canditten.de\/wp-content\/uploads\/2023\/06\/Worschienen-Hof-Kurt-Schirmacher-um-1998-Foto-Hold-B.jpg 757w, https:\/\/canditten.de\/wp-content\/uploads\/2023\/06\/Worschienen-Hof-Kurt-Schirmacher-um-1998-Foto-Hold-B-300x207.jpg 300w\" sizes=\"auto, (max-width: 757px) 100vw, 757px\" \/><\/figure>\n\n\n\n<p class=\"has-text-align-center\">Der ehemalige Hof von Kurt Schirmacher 1998 (Foto M. Hold)<\/p>\n<\/div>\n\n\n\n<div class=\"wp-block-column is-layout-flow wp-block-column-is-layout-flow\">\n<figure class=\"wp-block-image size-large is-resized\"><img loading=\"lazy\" decoding=\"async\" src=\"https:\/\/canditten.de\/wp-content\/uploads\/2023\/06\/Worschienen-2014-Google-Earth-B-1024x679.jpg\" alt=\"\" class=\"wp-image-1383\" width=\"261\" height=\"172\" srcset=\"https:\/\/canditten.de\/wp-content\/uploads\/2023\/06\/Worschienen-2014-Google-Earth-B-1024x679.jpg 1024w, https:\/\/canditten.de\/wp-content\/uploads\/2023\/06\/Worschienen-2014-Google-Earth-B-300x199.jpg 300w, https:\/\/canditten.de\/wp-content\/uploads\/2023\/06\/Worschienen-2014-Google-Earth-B-768x509.jpg 768w, https:\/\/canditten.de\/wp-content\/uploads\/2023\/06\/Worschienen-2014-Google-Earth-B.jpg 1468w\" sizes=\"auto, (max-width: 261px) 100vw, 261px\" \/><\/figure>\n\n\n\n<p class=\"has-text-align-center\">Das ehemalige Worschienen aus der Luft (Google Earth)<\/p>\n<\/div>\n\n\n\n<div class=\"wp-block-column is-layout-flow wp-block-column-is-layout-flow\">\n<figure class=\"wp-block-image size-large is-resized\"><img loading=\"lazy\" decoding=\"async\" src=\"https:\/\/canditten.de\/wp-content\/uploads\/2023\/06\/Worschienen-F-August-2012-Wojnicz-B-1024x768.jpg\" alt=\"\" class=\"wp-image-1384\" width=\"228\" height=\"170\" srcset=\"https:\/\/canditten.de\/wp-content\/uploads\/2023\/06\/Worschienen-F-August-2012-Wojnicz-B-1024x768.jpg 1024w, https:\/\/canditten.de\/wp-content\/uploads\/2023\/06\/Worschienen-F-August-2012-Wojnicz-B-300x225.jpg 300w, https:\/\/canditten.de\/wp-content\/uploads\/2023\/06\/Worschienen-F-August-2012-Wojnicz-B-768x576.jpg 768w, https:\/\/canditten.de\/wp-content\/uploads\/2023\/06\/Worschienen-F-August-2012-Wojnicz-B.jpg 1040w\" sizes=\"auto, (max-width: 228px) 100vw, 228px\" \/><\/figure>\n\n\n\n<p class=\"has-text-align-center\">Die Ortseinfahrt Worschienen\/ Worszyny 2012 (Foto D. Wojnicz)<\/p>\n<\/div>\n<\/div>\n\n\n\n<figure class=\"wp-block-gallery has-nested-images columns-default is-cropped wp-block-gallery-1 is-layout-flex wp-block-gallery-is-layout-flex\"><\/figure>\n\n\n\n<p><strong>Dorf Wormen<\/strong>: Der Ort Wormen und seine Umgebung waren schon in vorgeschichtlicher Zeit besiedelt. Darauf weisen viele Grabfunde und eine Fliehburg auf dem \u201eSchlossberg&#8220; nord\u00f6stlich des Dorfes hin. In der prussischen Zeit geh\u00f6rte diese Gegend noch zum Gau Warmien, darauf deutet auch der Name hin; sie kam erst bei den Teilungen von 1251 und 1254 zu dem vergr\u00f6\u00dferten Gau Natangen. In der mittleren Ordenszeit war \u201eWarmen oder Knegiten&#8220; ein gemischter prussischer Ort und bedeutend gr\u00f6\u00dfer als der Nachbarort Worschienen. \u201eWarmen&#8220; lag im Kammeramt Zinten der Komturei Balga.<\/p>\n\n\n\n<p>Beim Poleneinfall 1414 entstanden Sch\u00e4den im Ort, die aber behoben werden konnten. Im Jahre 1423 erfahren wir, dass Peter aus Zinten von Hantel aus Wormen 2 Hufen Land f\u00fcr 33 Mark kaufte. &#8211; Im \u201eSt\u00e4ndekrieg&#8220; von 1454\/66 traten abermals schwere Sch\u00e4den ein. 1480 traf Wormen mit vielen anderen Orten der Schicksalsschlag der Verpf\u00e4ndung an die Br\u00fcder v. Tettau.<\/p>\n\n\n\n<p>Wormen muss damals ziemlich ver\u00f6det gewesen sein. Im \u201eReiterkrieg&#8220; von 1520 wurde es dann vollkommen zerst\u00f6rt und verw\u00fcstet. Noch 1540 lag es ganz w\u00fcst und unbewohnt; erst 1563 wurde es aufs neue besiedelt. Damals erhielt Tewes Zipke aus Blumstein das Schulzenamt von Wormen.<\/p>\n\n\n\n<p>Kaum war Wormen wieder so einigerma\u00dfen bev\u00f6lkert, legte auch hier der Waldburger von Wildenhoff die Hand darauf. Zuerst war das Dorf nur verpf\u00e4ndet, doch 1616 geriet es vollst\u00e4ndig in den Besitz von Wolf Heinrich Truchse\u00df v. Waldburg, Wildenhoff, und blieb dessen adliges untert\u00e4niges Bauerndorf bis 1820.- 1785 war Wormen ein adliges Dorf von Wildenhoff mit 5 Haushalten, das zur Kirche in Canditten geh\u00f6rte. Es war jetzt und auch 1820 mit 5 Haushalten und 34 Bewohnern kleiner als Worschienen.<\/p>\n\n\n\n<p>Vor 1820 war bereits ein Hof in Wormen mit 127 Morgen Land freies Eigentum des Besitzers, also nicht mehr gutsuntert\u00e4nig. Im Jahr 1820 wurden die restlichen 3 Bauernh\u00f6fe von Wildenhoff aus reguliert. Sie besa\u00dfen 390 Morgen Land und hatten au\u00dfer dem Scharwerk einen j\u00e4hrlichen Zins an Wildenhoff zu leisten.<\/p>\n\n\n\n<p>1831 lesen wir: \u201eWormen in Mittelboden hat 547 Morgen Land, 4 Bauerng\u00fcter, 1 Instmann, 34 Einwohner&#8220;. 1846 sind im Dorf 10 Wohngeb\u00e4ude und 53 Einwohner; 1848 war die Separation beendet, in deren Verlauf keine Abbauten errichtet und keine Hofteilungen vorgenommen wurden. 1871 werden 8 Wohnh\u00e4user, 13 Haushalte und 65 Einwohner gemeldet. &#8211; 1885 erfahren wir, dass die Dorffl\u00e4che 155 ha gro\u00df war.. In 8 Wohngeb\u00e4uden und 8 Haushalten lebten damals 50 Bewohner.<\/p>\n\n\n\n<p>Ab 30. 09. 1928 wurde das bisher selbst\u00e4ndige Dorf Wormen Ortsteil der neuen Gemeinde Worschienen mit einem gr\u00f6\u00dferen und f\u00fcnf mittleren Bauernh\u00f6fen sowie einer Schmiede mit Landbesitz. Ein Friedhof befand sich in Wormen. Die Schule war in Augam, Kirche nebst Standesamt in Canditten, das Amtsgericht in Landsberg. Der Amtsbezirk hie\u00df Wildenhoff. Das Dorf lag etwa 1 km westlich der Chaussee Canditten &#8211; Zinten. Das gr\u00f6\u00dfere Dorf und der Bahnhof Sangnitten waren 3 km entfernt.<\/p>\n\n\n\n<p>Letzte Besitzverh\u00e4ltnisse in Wormen 1945:<\/p>\n\n\n\n<p>Bitter, Fritz 51,00 ha Schirrmacher, Walter 21,50 ha Lang, Ernst (Elise) 23,75 ha Thimm, Hermann 18,25 ha Neumann, Berthold 32,50 ha Wohlgetan, Max (Schmiede) 7,33 ha Robitzki, Gustav 16,63 ha.<\/p>\n\n\n\n<p>Um den 14. 02. 1945 wurde Wormen von Sowjet-Truppen nach l\u00e4ngerem Artillerie\u00acBeschuss besetzt, wobei Sch\u00e4den an Geb\u00e4uden eingetreten waren. Seit dem Sommer 1945 liegt es im polnischen Teil unseres Kreises und wird von den Polen \u201eWormie&#8220; genannt. Der alte Name ist kaum ver\u00e4ndert. Es ist ein kleines polnisches Bauerndorf.<\/p>\n\n\n\n<p>(Auszugsweise aus \u201eDie St\u00e4dte und Gemeinden des Kreises Preussisch Eylau\u201c von Horst Schulz)<\/p>\n\n\n\n<p><strong>Neuere Fotos aus Wormen (jetzt Wormie):<\/strong><\/p>\n\n\n\n<div class=\"wp-block-columns is-layout-flex wp-container-core-columns-is-layout-9d6595d7 wp-block-columns-is-layout-flex\">\n<div class=\"wp-block-column is-layout-flow wp-block-column-is-layout-flow\">\n<figure class=\"wp-block-image size-large is-resized\"><img loading=\"lazy\" decoding=\"async\" src=\"https:\/\/canditten.de\/wp-content\/uploads\/2023\/06\/Wormen-A-August-2012-Wojnicz-heller-B-1024x768.jpg\" alt=\"\" class=\"wp-image-1390\" width=\"238\" height=\"178\" srcset=\"https:\/\/canditten.de\/wp-content\/uploads\/2023\/06\/Wormen-A-August-2012-Wojnicz-heller-B-1024x768.jpg 1024w, https:\/\/canditten.de\/wp-content\/uploads\/2023\/06\/Wormen-A-August-2012-Wojnicz-heller-B-300x225.jpg 300w, https:\/\/canditten.de\/wp-content\/uploads\/2023\/06\/Wormen-A-August-2012-Wojnicz-heller-B-768x576.jpg 768w, https:\/\/canditten.de\/wp-content\/uploads\/2023\/06\/Wormen-A-August-2012-Wojnicz-heller-B.jpg 1038w\" sizes=\"auto, (max-width: 238px) 100vw, 238px\" \/><\/figure>\n\n\n\n<p class=\"has-text-align-center\">Blick auf das Dorf Wormen\/Wormie aus Richtung Augam Foto D. Wojnicz)<\/p>\n<\/div>\n\n\n\n<div class=\"wp-block-column is-layout-flow wp-block-column-is-layout-flow\">\n<figure class=\"wp-block-image size-large is-resized\"><img loading=\"lazy\" decoding=\"async\" src=\"https:\/\/canditten.de\/wp-content\/uploads\/2023\/06\/Wormen-2014-Google-Earth-B-1024x679.jpg\" alt=\"\" class=\"wp-image-1391\" width=\"268\" height=\"177\" srcset=\"https:\/\/canditten.de\/wp-content\/uploads\/2023\/06\/Wormen-2014-Google-Earth-B-1024x679.jpg 1024w, https:\/\/canditten.de\/wp-content\/uploads\/2023\/06\/Wormen-2014-Google-Earth-B-300x199.jpg 300w, https:\/\/canditten.de\/wp-content\/uploads\/2023\/06\/Wormen-2014-Google-Earth-B-768x509.jpg 768w, https:\/\/canditten.de\/wp-content\/uploads\/2023\/06\/Wormen-2014-Google-Earth-B.jpg 1468w\" sizes=\"auto, (max-width: 268px) 100vw, 268px\" \/><\/figure>\n\n\n\n<p class=\"has-text-align-center\">Das Dorf Wormen\/Wormie aus der Luft (Google Earth)<\/p>\n<\/div>\n\n\n\n<div class=\"wp-block-column is-layout-flow wp-block-column-is-layout-flow\">\n<figure class=\"wp-block-image size-large is-resized\"><img loading=\"lazy\" decoding=\"async\" src=\"https:\/\/canditten.de\/wp-content\/uploads\/2023\/06\/Wormen-E-August-2012-Wojnicz-B-1024x768.jpg\" alt=\"\" class=\"wp-image-1392\" width=\"234\" height=\"175\" srcset=\"https:\/\/canditten.de\/wp-content\/uploads\/2023\/06\/Wormen-E-August-2012-Wojnicz-B-1024x768.jpg 1024w, https:\/\/canditten.de\/wp-content\/uploads\/2023\/06\/Wormen-E-August-2012-Wojnicz-B-300x225.jpg 300w, https:\/\/canditten.de\/wp-content\/uploads\/2023\/06\/Wormen-E-August-2012-Wojnicz-B-768x576.jpg 768w, https:\/\/canditten.de\/wp-content\/uploads\/2023\/06\/Wormen-E-August-2012-Wojnicz-B.jpg 1040w\" sizes=\"auto, (max-width: 234px) 100vw, 234px\" \/><\/figure>\n\n\n\n<p class=\"has-text-align-center\">Ortseingang von Wormen\/Wormie  (Foto D. Wojnicz)<\/p>\n<\/div>\n<\/div>\n\n\n\n<figure class=\"wp-block-gallery has-nested-images columns-default is-cropped wp-block-gallery-2 is-layout-flex wp-block-gallery-is-layout-flex\"><\/figure>\n","protected":false},"excerpt":{"rendered":"<p>Dorf Worschienen:&nbsp;Das Dorf Worschienen im Stablack-Gebiet war in der Ordenszeit als \u201eWursynen&#8220; ein kleiner prussischer Ort im Kammeramt Zinten der Komturei Balga. Der Ortsname kann vielleicht von einem prussischen Personennamen abgeleitet sein und \u201eOrt des Wurse&#8220; bedeuten. Im Jahre 1480 erscheint Worschienen noch in Ordenslisten. Sp\u00e4ter ist es in den Wirren des \u201eReiterkrieges&#8220; von 1520 &#8230; <a title=\"Gemeinde Worschienen\" class=\"read-more\" href=\"https:\/\/canditten.de\/?page_id=412\" aria-label=\"Mehr Informationen \u00fcber Gemeinde Worschienen\">Weiterlesen<\/a><\/p>\n","protected":false},"author":8,"featured_media":0,"parent":0,"menu_order":0,"comment_status":"closed","ping_status":"closed","template":"","meta":{"footnotes":""},"class_list":["post-412","page","type-page","status-publish"],"_links":{"self":[{"href":"https:\/\/canditten.de\/index.php?rest_route=\/wp\/v2\/pages\/412","targetHints":{"allow":["GET"]}}],"collection":[{"href":"https:\/\/canditten.de\/index.php?rest_route=\/wp\/v2\/pages"}],"about":[{"href":"https:\/\/canditten.de\/index.php?rest_route=\/wp\/v2\/types\/page"}],"author":[{"embeddable":true,"href":"https:\/\/canditten.de\/index.php?rest_route=\/wp\/v2\/users\/8"}],"replies":[{"embeddable":true,"href":"https:\/\/canditten.de\/index.php?rest_route=%2Fwp%2Fv2%2Fcomments&post=412"}],"version-history":[{"count":8,"href":"https:\/\/canditten.de\/index.php?rest_route=\/wp\/v2\/pages\/412\/revisions"}],"predecessor-version":[{"id":1393,"href":"https:\/\/canditten.de\/index.php?rest_route=\/wp\/v2\/pages\/412\/revisions\/1393"}],"wp:attachment":[{"href":"https:\/\/canditten.de\/index.php?rest_route=%2Fwp%2Fv2%2Fmedia&parent=412"}],"curies":[{"name":"wp","href":"https:\/\/api.w.org\/{rel}","templated":true}]}}