{"id":286,"date":"2018-11-26T14:27:05","date_gmt":"2018-11-26T13:27:05","guid":{"rendered":"https:\/\/canditten.de\/?page_id=286"},"modified":"2026-01-28T11:44:21","modified_gmt":"2026-01-28T10:44:21","slug":"links","status":"publish","type":"page","link":"https:\/\/canditten.de\/?page_id=286","title":{"rendered":"Links"},"content":{"rendered":"\n<p>Es wird keine Haftung f\u00fcr den Inhalt der externen Links \u00fcbernommen. F\u00fcr den Inhalt der verlinkten Seiten sind ausschlie\u00dflich die Betreiber verantwortlich.<\/p>\n\n\n\n<p><mark style=\"background-color:rgba(0, 0, 0, 0)\" class=\"has-inline-color has-accent-color\">Hier die verlinkten Internet-Adressen:<\/mark><\/p>\n\n\n\n<p><strong>Landsmannschaft Ostpreussen:<\/strong>&nbsp;<a href=\"http:\/\/www.ostpreussen.de\/\" target=\"_blank\" rel=\"noreferrer noopener\">www.ostpreussen.de<\/a><\/p>\n\n\n\n<p>Der Dachverband der ostpreussischen Landesverb\u00e4nde und Kreisgemeinschaften<\/p>\n\n\n\n<p><strong>Preu\u00dfische Allgemeine Zeitung \/ Das Ostpreu\u00dfenblatt:<\/strong> <a href=\"http:\/\/www.preussische-allgemeine.de\/\" target=\"_blank\" rel=\"noreferrer noopener\">www.preussische-allgemeine.de<\/a>&nbsp;\/&nbsp;<a href=\"http:\/\/www.ostpreussenblatt.de\/\" target=\"_blank\" rel=\"noreferrer noopener\">www.ostpreussenblatt.de<\/a><\/p>\n\n\n\n<p>Unabh\u00e4ngige Wochenzeitung f\u00fcr Deutschland, Organ der Landsmannschaft Ostpreussen<\/p>\n\n\n\n<p><strong>Kreisgemeinschaft Preussisch Eylau<\/strong>: <a href=\"http:\/\/www.preussisch-eylau.de\/\" target=\"_blank\" rel=\"noreferrer noopener\">www.preussisch-eylau.de<\/a><\/p>\n\n\n\n<p>Die vereinsm\u00e4\u00dfige Gemeinschaft der Landsleute aus dem Landkreis Preussisch Eylau sowie deren Nachkommen und Interessierten<\/p>\n\n\n\n<p><strong>Bund Junges Ostpreu\u00dfen:<\/strong>&nbsp;<a href=\"http:\/\/www.ostpreussen-info.de\/\" target=\"_blank\" rel=\"noreferrer noopener\">www.junge-ostpreussen.de<\/a><\/p>\n\n\n\n<p>Die Organisation der ostpreussischen Nachkommen und anderer Interessierten<\/p>\n\n\n\n<p><strong>Bund der Vertriebenen:<\/strong>&nbsp;<a href=\"http:\/\/www.bund-der-vertriebenen.de\/\" target=\"_blank\" rel=\"noreferrer noopener\">www.bund-der-vertriebenen.de<\/a><\/p>\n\n\n\n<p>Der Dachverband der ostdeutschen Landsmannschaften und Landesverb\u00e4nde<\/p>\n\n\n\n<p><strong>Stadt Landsberg\/Ostrpr.\u00a0<\/strong><strong>(Gorowo Ilaweckie<\/strong>):\u00a0www.gorowo.pl<\/p>\n\n\n\n<p>Eine geschichtliche und aktuelle \u00dcbersicht \u00fcber die Stadt Landsberg (Gorowo Ilweckie). Diese Internetseite wird in polnischer, englischer und deutscher Sprache angeboten<\/p>\n\n\n\n<p><strong>Kulturzentrum Ostpreu\u00dfen<\/strong>:&nbsp;<a href=\"http:\/\/www.kulturzentrum-ostpreussen.de\/\" target=\"_blank\" rel=\"noreferrer noopener\">www.kulturzentrum-ostpreussen.de<\/a><\/p>\n\n\n\n<p>Eine Institution mit Archiv, Ausstellungen und Bibliothek im Schloss Ellingen \/Mittelfranken<\/p>\n\n\n\n<p><strong>Ostpreu\u00dfisches Landesmuseum<\/strong>:&nbsp;<a href=\"http:\/\/www.ostpreussisches-landesmuseum.de\/\" target=\"_blank\" rel=\"noreferrer noopener\">www.ostpreussisches-landesmuseum.de<\/a><\/p>\n\n\n\n<p>Ein umfangreiches Museum mit Wechsel- und Leihausstellungen in L\u00fcneburg<\/p>\n\n\n\n<p><strong>Bildarchiv Ostpreu\u00dfen:<\/strong>&nbsp;<a href=\"http:\/\/www.bildarchiv-ostpreussen.de\/\" target=\"_blank\" rel=\"noreferrer noopener\">www.bildarchiv-ostpreussen.de<\/a><\/p>\n\n\n\n<p>Eine im Aufbau befindliche umfangreiche Bildergalerie \u00fcber Ostpreu\u00dfen; auch einige Bilder aus dem Kreis Preu\u00dfisch Eylau sind bereits einzusehen<\/p>\n\n\n\n<p><strong>Verein f\u00fcr Familienforschung in Ost- und Westpreu\u00dfen e. V.:<\/strong> <a href=\"http:\/\/www.vffow.de\/default.htm\">http:\/\/www.genealogienetz.de\/vereine\/VFFOW\/vffow.html<\/a><\/p>\n\n\n\n<p>Verein f\u00fcr gemeinschaftliche Familienforschung und regionale Geschichtsforschung<\/p>\n\n\n\n<p><strong>K\u00f6nigsberger Express:<\/strong>&nbsp;<a href=\"http:\/\/www.koenigsberger-express.com\/\" target=\"_blank\" rel=\"noreferrer noopener\">www.koenigsberger-express.com<\/a><\/p>\n\n\n\n<p>Eine russische deutschsprachige Monatszeitung mit Berichten aus der Stadt und dem Gebiet K\u00f6nigsberg<\/p>\n\n\n\n<p><strong>Rositten, Kreis Preuss.Eylau:<\/strong><a href=\"http:\/\/www.manfredkleinrositten.de\/\" target=\"_blank\" rel=\"noreferrer noopener\">&nbsp;www.manfredkleinrositten.de<\/a><\/p>\n\n\n\n<p>Eine privat erstellte und interessante Internetseite \u00fcber die Gemeinde und den Amtsbezirk Rositten mit vielen Informationen von damals und heute<\/p>\n\n\n\n<p><strong>Martin-Opitz-Bibliothek in Herne:<\/strong>&nbsp;<a href=\"http:\/\/www.martin-opitz-bibliothek.de\/\" target=\"_blank\" rel=\"noreferrer noopener\">www.martin-opitz-bibliothek.de<\/a><\/p>\n\n\n\n<p>Eine Spezialbibliothek f\u00fcr Geschichte und Gegenwart \u00fcber die gesamte Region Ost- und S\u00fcdosteuropas<\/p>\n\n\n\n<p><strong>Bund der Vertriebenen:<\/strong> <a href=\"http:\/\/Schritt-f\u00fcr-Schritt-Anleitung zum Verlinken in WordPress:      1. Text ausw\u00e4hlen:     Markieren Sie den Text, den Sie anklickbar machen m\u00f6chten.   2. Link-Symbol klicken: Klicken Sie auf das Link-Symbol im Editor, um das Pop-up-Fenster f\u00fcr Links zu \u00f6ffnen.  3. Link-Ziel eingeben:      Interner Link: Geben Sie den Namen der Seite ein, zu der Sie verlinken m\u00f6chten, und WordPress sucht nach passenden Seiten Ihrer Website.   Externer Link: Geben Sie die vollst\u00e4ndige URL (z. B. mit https:\/\/ davor) ein, zu der der Link f\u00fchren soll.   4. Link-Einstellungen anpassen:      Um einen Link in einem neuen Browser-Tab zu \u00f6ffnen, klicken Sie auf den Button mit den &quot;Link-Einstellungen&quot; oder dem Stift-Icon, um weitere Optionen aufzurufen, und aktivieren Sie die Option &quot;In neuem Tab \u00f6ffnen&quot;.   Um den Link im selben Fenster zu \u00f6ffnen, belassen Sie diese Option deaktiviert.   5. Link anwenden: Best\u00e4tigen Sie die Eingabe oder klicken Sie auf den Button, um den Link zu erstellen.  6. \u00c4nderungen speichern: Speichern Sie Ihre Seite oder Ihren Beitrag, um die \u00c4nderungen zu \u00fcbernehmen.   Tipps f\u00fcr die Verwendung von Links:      Aussagekr\u00e4ftige Ankertexte:     Verwenden Sie Linktexte, die klar beschreiben, worum es auf der Zielseite geht.   Thematische Relevanz: Stellen Sie sicher, dass der Link thematisch zum umgebenden Text passt und den Lesefluss nicht st\u00f6rt.  Linkseiten f\u00fcr Social Media: Erstellen Sie eine Linkseite auf Ihrer eigenen Website, um auf verschiedene Social-Media-Kan\u00e4le, Newsletter oder andere Inhalte zu verweisen, anstatt externe Tools zu verwenden.\">www.bund-der-vertriebenen.de<\/a><\/p>\n\n\n\n<p>Dachverband der ostdeutschen Landsmannschaften und Landesverb\u00e4nde<\/p>\n\n\n\n<p><strong>Genealogie\/Gegner-S\u00fcnkler:<\/strong>&nbsp;<a href=\"http:\/\/www.genealogie-tagebuch.de\/\" target=\"_blank\" rel=\"noreferrer noopener\">http:\/\/www.genealogie-tagebuch.de<\/a><\/p>\n\n\n\n<p>Interessante Informationen \u00fcber die Natangische Region, Preu\u00dfisch Eylau, Familiennamen im Kreis Preu\u00dfisch Eylau und vieles mehr<\/p>\n\n\n\n<p><strong>Landkreis Verden (Aller):<\/strong> <a href=\"http:\/\/www.landkreis-verden.de\">www.landkreis-verden.de<\/a><a href=\"http:\/\/www.verden.de\">http:\/\/www.verden.de<\/a><\/p>\n\n\n\n<p>Partnerkreis der Kreisgemeinschaft Preussisch Eylau<\/p>\n\n\n\n<p><strong>Verden (Aller):<\/strong> <a href=\"http:\/\/www.verden.de\">www.verden.de<\/a><\/p>\n\n\n\n<p>Partnerstadt der Kreisgemeinschaft Preussisch Eylau<\/p>\n\n\n\n<p><strong>G\u00f3rowo I\u0142aweckie (Landsberg\/Ostpr. und Gmina Gorowo Ilaweckie): <\/strong><a href=\"http:\/\/www.gorowo.pl\">www.gorowo.pl<\/a><\/p>\n\n\n\n<p>&#8222;Gmina&#8220; ist die l\u00e4ndliche Gemeinde, welche die Stadt G\u00f3rowo I\u0142aweckie (Stadt Landsberg\/Ostpr.) umgibt. Beide Kommunen bilden im Wesentlichen den s\u00fcdlichen Teil des ehemaligen Lreises Preussisch Eylau. Die gemeinsame Touristik-Information beider Partnerkommunen unserer Kreisgemeinschaft enth\u00e4lt auch einen deutschsprachigen Teil<\/p>\n\n\n\n<p><strong>Arbeitsgemeinschaft Ostdeutscher Familienforscher e.V.:<\/strong> <a href=\"http:\/\/www.agoff.de\">www.agoff.de<\/a><\/p>\n\n\n\n<p>Dieser Verein betreibt die F\u00f6rderung von Wissenschaft und Forsching in genealogischer und familienkundlicher Hinsicht einschlie\u00dflich der wissenschaftlichen Nachbargebiete, wie z.B. Heraldik, Sphragistik, hisatoprische Demografie und Nam,ensforschung<\/p>\n\n\n\n<p><strong>Ostpreussisches Landesmuseum: <\/strong><a href=\"http:\/\/www.ostpreussisches-landesmuseum.de\">www.ostpreussisches-landesmuseum.de<\/a><\/p>\n\n\n\n<p>Mit einem umfangreichen Museum, ferner Wechsel- und Leihsustallungen, in L\u00fcneburg<\/p>\n\n\n\n<p><strong>Bilder aus und \u00fcber Ostpreussen:<\/strong> <a href=\"http:\/\/Schritt-f\u00fcr-Schritt-Anleitung zum Verlinken in WordPress:      1. Text ausw\u00e4hlen:     Markieren Sie den Text, den Sie anklickbar machen m\u00f6chten.   2. Link-Symbol klicken: Klicken Sie auf das Link-Symbol im Editor, um das Pop-up-Fenster f\u00fcr Links zu \u00f6ffnen.  3. Link-Ziel eingeben:      Interner Link: Geben Sie den Namen der Seite ein, zu der Sie verlinken m\u00f6chten, und WordPress sucht nach passenden Seiten Ihrer Website.   Externer Link: Geben Sie die vollst\u00e4ndige URL (z. B. mit https:\/\/ davor) ein, zu der der Link f\u00fchren soll.   4. Link-Einstellungen anpassen:      Um einen Link in einem neuen Browser-Tab zu \u00f6ffnen, klicken Sie auf den Button mit den &quot;Link-Einstellungen&quot; oder dem Stift-Icon, um weitere Optionen aufzurufen, und aktivieren Sie die Option &quot;In neuem Tab \u00f6ffnen&quot;.   Um den Link im selben Fenster zu \u00f6ffnen, belassen Sie diese Option deaktiviert.   5. Link anwenden: Best\u00e4tigen Sie die Eingabe oder klicken Sie auf den Button, um den Link zu erstellen.  6. \u00c4nderungen speichern: Speichern Sie Ihre Seite oder Ihren Beitrag, um die \u00c4nderungen zu \u00fcbernehmen.   Tipps f\u00fcr die Verwendung von Links:      Aussagekr\u00e4ftige Ankertexte:     Verwenden Sie Linktexte, die klar beschreiben, worum es auf der Zielseite geht.   Thematische Relevanz: Stellen Sie sicher, dass der Link thematisch zum umgebenden Text passt und den Lesefluss nicht st\u00f6rt.  Linkseiten f\u00fcr Social Media: Erstellen Sie eine Linkseite auf Ihrer eigenen Website, um auf verschiedene Social-Media-Kan\u00e4le, Newsletter oder andere Inhalte zu verweisen, anstatt externe Tools zu verwenden.\">www.bildarchiv-ostpreussen.de<\/a><\/p>\n\n\n\n<p>Mit z.Z. etwa 150.000 Fotos und Bildern aus der Zeit bis 1945, davon interessante Bilder aus dem ehemaligen Kreis Preussisch Eylau. Diese Seite ist weiterhin im Aufbau.<\/p>\n\n\n\n<p><strong>Deutsche Gesellschaft Natangen:<\/strong> <a href=\"http:\/\/www.facebook.com\/NiemieckieStowarzyszenieNatangia\/\">www.facebook.com\/NiemieckieStowarzyszenieNatangia\/<\/a><\/p>\n\n\n\n<p>Verein zur Erhaltung und Pflege der deutschen Kultur und Sprache im ehemaligen s\u00fcdlichen Kreisgebiet Preussisch Eylau  mit Sitz in G\u00f3rowo I\u0142awekcie (Landsberg\/Ostpr.)<\/p>\n\n\n\n<p><strong>Verband der deutschen Gesellschaften in Ostpreussen:<\/strong> <a href=\"http:\/\/www.vdgeo.vdg.pl\">www.vdgeo.vdg.pl<\/a><\/p>\n\n\n\n<p>Dachverband der deutschen Vereine in Ermland-Masuren<\/p>\n\n\n\n<p><strong>K\u00f6nigsberger Express:<\/strong> <a href=\"http:\/\/www.koenigsberger-express.com\">http:\/\/www.koenigsberger-express.com<\/a><\/p>\n\n\n\n<p>Einzige im K\u00f6nigsberger Gebiet (Oblast Kaliningrad) erstellte deutschsprachige Monatszeitungmit Berichten und Bildern  aus der Stadt und dem Gebiet K\u00f6nigsberg (Kaliningrad und Oblast)<\/p>\n\n\n\n<p><strong>Bagrationowsk (Preussisch Eylau): <\/strong><a href=\"http:\/\/www.bagrat-museum.narod.ru\">http:\/\/www.bagrat-museum.narod.ru<\/a><\/p>\n\n\n\n<p>Das russische Heimatmuseum im ehemaligen Landratsamt mit vielen Darstellungen und Gegenst\u00e4nden der deutschen Geschichte. Wenn Sie auf den Seiten ganz unten auf den Text <strong>&#8222;aka Kiroksik&#8220;<\/strong> klicken und dann auf der neu geladenen Seite aus der oberen Zeile das letzte Wort ausw\u00e4hlen (in Deutsch &#8222;Fotogalerie&#8220;), k\u00f6nnen Sie unter <strong>&#8222;Pr.-Eylau&#8220;<\/strong>  sch\u00f6ne alte Ansichten von Preussisch Eylau bewundern.<\/p>\n\n\n\n<p><\/p>\n","protected":false},"excerpt":{"rendered":"<p>Es wird keine Haftung f\u00fcr den Inhalt der externen Links \u00fcbernommen. F\u00fcr den Inhalt der verlinkten Seiten sind ausschlie\u00dflich die Betreiber verantwortlich. Hier die verlinkten Internet-Adressen: Landsmannschaft Ostpreussen:&nbsp;www.ostpreussen.de Der Dachverband der ostpreussischen Landesverb\u00e4nde und Kreisgemeinschaften Preu\u00dfische Allgemeine Zeitung \/ Das Ostpreu\u00dfenblatt: www.preussische-allgemeine.de&nbsp;\/&nbsp;www.ostpreussenblatt.de Unabh\u00e4ngige Wochenzeitung f\u00fcr Deutschland, Organ der Landsmannschaft Ostpreussen Kreisgemeinschaft Preussisch Eylau: www.preussisch-eylau.de Die &#8230; <a title=\"Links\" class=\"read-more\" href=\"https:\/\/canditten.de\/?page_id=286\" aria-label=\"Mehr Informationen \u00fcber Links\">Weiterlesen<\/a><\/p>\n","protected":false},"author":8,"featured_media":0,"parent":0,"menu_order":0,"comment_status":"closed","ping_status":"closed","template":"","meta":{"footnotes":""},"class_list":["post-286","page","type-page","status-publish"],"_links":{"self":[{"href":"https:\/\/canditten.de\/index.php?rest_route=\/wp\/v2\/pages\/286","targetHints":{"allow":["GET"]}}],"collection":[{"href":"https:\/\/canditten.de\/index.php?rest_route=\/wp\/v2\/pages"}],"about":[{"href":"https:\/\/canditten.de\/index.php?rest_route=\/wp\/v2\/types\/page"}],"author":[{"embeddable":true,"href":"https:\/\/canditten.de\/index.php?rest_route=\/wp\/v2\/users\/8"}],"replies":[{"embeddable":true,"href":"https:\/\/canditten.de\/index.php?rest_route=%2Fwp%2Fv2%2Fcomments&post=286"}],"version-history":[{"count":11,"href":"https:\/\/canditten.de\/index.php?rest_route=\/wp\/v2\/pages\/286\/revisions"}],"predecessor-version":[{"id":1781,"href":"https:\/\/canditten.de\/index.php?rest_route=\/wp\/v2\/pages\/286\/revisions\/1781"}],"wp:attachment":[{"href":"https:\/\/canditten.de\/index.php?rest_route=%2Fwp%2Fv2%2Fmedia&parent=286"}],"curies":[{"name":"wp","href":"https:\/\/api.w.org\/{rel}","templated":true}]}}