{"id":282,"date":"2018-11-26T14:26:46","date_gmt":"2018-11-26T13:26:46","guid":{"rendered":"https:\/\/canditten.de\/?page_id=282"},"modified":"2026-01-19T17:31:25","modified_gmt":"2026-01-19T16:31:25","slug":"heimat-chronik-canditten","status":"publish","type":"page","link":"https:\/\/canditten.de\/?page_id=282","title":{"rendered":"Druckerzeugnisse"},"content":{"rendered":"<div class=\"wp-block-image\">\n<figure class=\"alignright\"><img loading=\"lazy\" decoding=\"async\" width=\"250\" height=\"353\" src=\"https:\/\/canditten.de\/wp-content\/uploads\/2018\/11\/7ed2af3a99.jpg\" alt=\"Heimat-Chronik Canditten\" class=\"wp-image-283\" srcset=\"https:\/\/canditten.de\/wp-content\/uploads\/2018\/11\/7ed2af3a99.jpg 250w, https:\/\/canditten.de\/wp-content\/uploads\/2018\/11\/7ed2af3a99-212x300.jpg 212w\" sizes=\"auto, (max-width: 250px) 100vw, 250px\" \/><figcaption class=\"wp-element-caption\">      Die Heimat-Chronik Canditten<\/figcaption><\/figure>\n<\/div>\n\n\n<p><strong>Heimat-Chronik<\/strong><\/p>\n\n\n\n<p>Die vom Canditter Schulleiter Gustav Gla\u00df im Jahre 1952 geschriebene und 1956 in einer gr\u00f6\u00dferen Auflage herausgegebene &#8222;Heimat-Chronik Canditten&#8220; war aufgrund des Alters bereits in ziemlich schlechtem Zustand (vergilbtes Papier, schlecht leserlich, alte Schreibmaschinen-Schrift).<\/p>\n\n\n\n<p>Ich habe deshalb den gesamten Text abschreiben lassen, s\u00e4mtliche Seiten in ein modernes Format gebracht, ferner einen 13-seitigen Anhang mit Fotos von damals angef\u00fcgt und alles im Glanzpapier und mit festen Buchdeckeln in einer Auflage von zun\u00e4chst 35 Exemplaren und einer weiteren Auflage von 12 Exemplaren und jetzt in einer vierten Neuauflage von 20 Exemplaren drucken lassen. Es ist ein anschauliches Buch mit ca. 180 Seiten geworden, das sicherlich sehr lange halten wird.<\/p>\n\n\n\n<p>Das Buch kostet mit Versand 25,- Euro und kann \u00fcber den Link &#8222;Kontakt&#8220; oder \u00fcber meine private Anschrift bestellt werden (siehe unten).<\/p>\n\n\n\n<p>Ich w\u00fcrde mich freuen, wenn m\u00f6glichst viele Canditter Landsleute und deren Nachkommen oder Interessenten von diesem Angebot Gebrauch machten.<\/p>\n\n\n\n<p>Bestellungen bitte bei Gerd Birth, Kantstr. 30, 41836 H\u00fcckelhoven-Baal, Tel. 02435-616, g.birth@new-online.de<\/p>\n\n\n\n<p><\/p>\n\n\n<div class=\"wp-block-image\">\n<figure class=\"alignright size-large is-resized\"><img loading=\"lazy\" decoding=\"async\" width=\"739\" height=\"1024\" src=\"https:\/\/canditten.de\/wp-content\/uploads\/2025\/08\/Titelblatt-2026-C-739x1024.jpg\" alt=\"\" class=\"wp-image-1664\" style=\"width:320px;height:auto\" srcset=\"https:\/\/canditten.de\/wp-content\/uploads\/2025\/08\/Titelblatt-2026-C-739x1024.jpg 739w, https:\/\/canditten.de\/wp-content\/uploads\/2025\/08\/Titelblatt-2026-C-216x300.jpg 216w, https:\/\/canditten.de\/wp-content\/uploads\/2025\/08\/Titelblatt-2026-C-768x1065.jpg 768w, https:\/\/canditten.de\/wp-content\/uploads\/2025\/08\/Titelblatt-2026-C.jpg 779w\" sizes=\"auto, (max-width: 739px) 100vw, 739px\" \/><\/figure>\n<\/div>\n\n\n<h4 class=\"wp-block-heading\"><strong>Heimatkalender 202<\/strong>6<\/h4>\n\n\n\n<p>F\u00fcr das Jahr 2026 habe ich wiederum einen farbigen Heimatkalender erstellt und auflegen lassen. Das Titelbild ist rechts abgebildet.<\/p>\n\n\n\n<p>Der Heimatkalender enth\u00e4lt Fotos aus Ostpreussen (polnischer, russischer und litauischer Teil) mit Motiven aus Allenstein, Canditten, Gumbinnen, Guttstadt, Heilsberg, Hoofe, K\u00f6nigsberg, Landsberg, Nikolaiken, Rauschen, Schewecken und von der Kurischen Nehrung.<\/p>\n\n\n\n<p>Der Kalender ist exklusiv gestaltet, im DIN A4-Format auf hervorragendem Fotopapier gedruckt, mit einer Aufh\u00e4nge-Vorrichtung mit Ringheftung. Die Aufmachung ist \u00e4hnlich wie beim Heimatkalender 2024. Preis inkl. Versand ist konstant geblieben:&nbsp;<strong>12,50 Euro<\/strong>.<\/p>\n\n\n\n<p>Bestellt werden kann der Kalender 2026 \u00fcber den Link &#8222;Kontakt&#8220; oder direkt bei Gerd Birth, Kantstr. 30, 41836 H\u00fcckelhoven-Baal, Tel. 02435-616, mobil 0151-7242 9009 oder \u00fcber <a href=\"https:\/\/canditten.de\/wp-admin\/g.birth@new-online.de\">g.birth@new-online.de<\/a><\/p>\n\n\n\n<p><\/p>\n","protected":false},"excerpt":{"rendered":"<p>Heimat-Chronik Die vom Canditter Schulleiter Gustav Gla\u00df im Jahre 1952 geschriebene und 1956 in einer gr\u00f6\u00dferen Auflage herausgegebene &#8222;Heimat-Chronik Canditten&#8220; war aufgrund des Alters bereits in ziemlich schlechtem Zustand (vergilbtes Papier, schlecht leserlich, alte Schreibmaschinen-Schrift). Ich habe deshalb den gesamten Text abschreiben lassen, s\u00e4mtliche Seiten in ein modernes Format gebracht, ferner einen 13-seitigen Anhang mit &#8230; <a title=\"Druckerzeugnisse\" class=\"read-more\" href=\"https:\/\/canditten.de\/?page_id=282\" aria-label=\"Mehr Informationen \u00fcber Druckerzeugnisse\">Weiterlesen<\/a><\/p>\n","protected":false},"author":8,"featured_media":0,"parent":0,"menu_order":0,"comment_status":"closed","ping_status":"closed","template":"","meta":{"footnotes":""},"class_list":["post-282","page","type-page","status-publish"],"_links":{"self":[{"href":"https:\/\/canditten.de\/index.php?rest_route=\/wp\/v2\/pages\/282","targetHints":{"allow":["GET"]}}],"collection":[{"href":"https:\/\/canditten.de\/index.php?rest_route=\/wp\/v2\/pages"}],"about":[{"href":"https:\/\/canditten.de\/index.php?rest_route=\/wp\/v2\/types\/page"}],"author":[{"embeddable":true,"href":"https:\/\/canditten.de\/index.php?rest_route=\/wp\/v2\/users\/8"}],"replies":[{"embeddable":true,"href":"https:\/\/canditten.de\/index.php?rest_route=%2Fwp%2Fv2%2Fcomments&post=282"}],"version-history":[{"count":34,"href":"https:\/\/canditten.de\/index.php?rest_route=\/wp\/v2\/pages\/282\/revisions"}],"predecessor-version":[{"id":1750,"href":"https:\/\/canditten.de\/index.php?rest_route=\/wp\/v2\/pages\/282\/revisions\/1750"}],"wp:attachment":[{"href":"https:\/\/canditten.de\/index.php?rest_route=%2Fwp%2Fv2%2Fmedia&parent=282"}],"curies":[{"name":"wp","href":"https:\/\/api.w.org\/{rel}","templated":true}]}}