{"id":28,"date":"2018-11-19T13:48:33","date_gmt":"2018-11-19T12:48:33","guid":{"rendered":"https:\/\/canditten.de\/?page_id=28"},"modified":"2018-12-13T16:43:12","modified_gmt":"2018-12-13T15:43:12","slug":"canditten-im-ueberblick","status":"publish","type":"page","link":"https:\/\/canditten.de\/?page_id=28","title":{"rendered":"Canditten im \u00dcberblick"},"content":{"rendered":"\n<h2 class=\"wp-block-heading\">Canditten bis 1945:<\/h2>\n\n\n\n<table class=\"wp-block-table\"><tbody><tr><td><strong>Jahr der Dorfgr\u00fcndung:<\/strong><\/td><td><strong>1340 &nbsp;(davor war es eine Prussensiedlung)<\/strong><\/td><\/tr><tr><td><strong>Geografische Lage:<\/strong><\/td><td><strong>54 Grad 19 Min Nord&nbsp;&nbsp;&nbsp;&nbsp; 20 Grad 22 Min Ost<\/strong><\/td><\/tr><tr><td><strong>Fl\u00e4che 1939:<\/strong><\/td><td><strong>1.347 ha<\/strong><\/td><\/tr><tr><td><strong>Einwohner 1939:<\/strong><\/td><td><strong>930<\/strong><\/td><\/tr><tr><td><strong>Zust\u00e4ndiger Amtsbezirk:<\/strong><\/td><td><strong>Amtsbezirk Wildenhoff<\/strong><\/td><\/tr><tr><td><strong>Zust\u00e4ndiges Amtsgericht:<\/strong><\/td><td><strong>Amtsgericht Landsberg<\/strong><\/td><\/tr><tr><td><strong>Zust\u00e4ndiger Kreis:<\/strong><\/td><td><strong>Landkreis Preussisch Eylau<\/strong><\/td><\/tr><tr><td><strong>Zust\u00e4ndiger Bezirk:<\/strong><\/td><td><strong>Regierungsbezirk K\u00f6nigsberg<\/strong><\/td><\/tr><tr><td><strong>Zust\u00e4ndige Provinz:<\/strong><\/td><td><strong>Provinz Ostpreussen<\/strong><\/td><\/tr><tr><td><strong>Letzter B\u00fcrgermeister bis 1945:<\/strong><\/td><td><strong>Erich Thiel<\/strong><\/td><\/tr><tr><td><strong>Letzter Pfarrer bis 1945:<\/strong><\/td><td><strong>Superintendent Arnold Freyer<\/strong><\/td><\/tr><tr><td><strong>Letzter Schulleiter bis 1945:<\/strong><\/td><td><strong>Kantor Gustav Glass<\/strong><\/td><\/tr><tr><td><strong>Kriegstote, Vermisste und Fluchtopfer:<\/strong><\/td><td><strong>289 Einwohner (= 31 %)<\/strong><\/td><\/tr><tr><td>Ferner:<strong> Ortsteile von Canditten:<\/strong><\/td><td><strong>Schatzberg (180 ha, 105 Einwohner***)<\/strong>\n<strong>Walschhof (50 ha, 8 Einwohner ***)<\/strong>\n***Gesch\u00e4tzte Einwohnerzahl<\/td><\/tr><\/tbody><\/table>\n\n\n\n<h2 class=\"wp-block-heading\">Canditten nach dem Krieg:<\/h2>\n\n\n\n<table class=\"wp-block-table\"><tbody><tr><td><strong>Die ersten Polen in Canditten:<\/strong><\/td><td><strong>Okt.\/Nov. 1945<\/strong><\/td><\/tr><tr><td><strong>Canditten wird polnische Gemeinde:<\/strong><\/td><td><strong>28. 06. 1946 (jetzt Kandyty)<\/strong><\/td><\/tr><tr><td><strong>Eingliederung in die Gro\u00dfgemeinde \u201eGmina G\u00f3rowo I\u0142aweckie\u201c:<\/strong><\/td><td><strong>15. 01. 1976<\/strong><\/td><\/tr><tr><td><strong>Bau einer neuen Schule:<\/strong><\/td><td><strong>1976<\/strong><\/td><\/tr><tr><td><strong>Wiederaufbau der Kirche (jetzt katholisch):<\/strong><\/td><td><strong>1980\/81<\/strong><\/td><\/tr><tr><td><strong>Einwohnerzahl 2009:<\/strong><\/td><td><strong>611 Einwohner<\/strong><\/td><\/tr><tr><td><strong>Gesamtfl\u00e4che 2009:<\/strong><\/td><td><strong>1.070 ha<\/strong><\/td><\/tr><tr><td><strong>Ortsb\u00fcrgermeisterin von Canditten\/Kandyty:<\/strong><\/td><td><strong>Marzanna Kierul<\/strong><\/td><\/tr><tr><td><strong>B\u00fcrgermeisterin der Gro\u00dfgemeinde \u201eG\u00f3rowo I\u0142aweckie\u201c:<\/strong><\/td><td><strong>Bozena Olszewska-Switaj<\/strong><\/td><\/tr><tr><td><strong>Kreis\/Powiat:&nbsp;&nbsp;&nbsp;&nbsp;&nbsp;&nbsp;&nbsp;&nbsp;&nbsp;&nbsp;&nbsp; <\/strong><\/td><td><strong>Powiat Bartoszycki (Bartenstein)<\/strong><\/td><\/tr><tr><td><strong>Verwaltungsbezirk\/Wojewodschaft:<\/strong><\/td><td><strong>Wojewodschaft Ermland und Masuren (Wojew\u00f3dztwo Warminsko-Mazurskie)&nbsp; mit Sitz in Allenstein (Olsztyn)<\/strong><\/td><\/tr><\/tbody><\/table>\n","protected":false},"excerpt":{"rendered":"<p>Canditten bis 1945: Jahr der Dorfgr\u00fcndung: 1340 &nbsp;(davor war es eine Prussensiedlung) Geografische Lage: 54 Grad 19 Min Nord&nbsp;&nbsp;&nbsp;&nbsp; 20 Grad 22 Min Ost Fl\u00e4che 1939: 1.347 ha Einwohner 1939: 930 Zust\u00e4ndiger Amtsbezirk: Amtsbezirk Wildenhoff Zust\u00e4ndiges Amtsgericht: Amtsgericht Landsberg Zust\u00e4ndiger Kreis: Landkreis Preussisch Eylau Zust\u00e4ndiger Bezirk: Regierungsbezirk K\u00f6nigsberg Zust\u00e4ndige Provinz: Provinz Ostpreussen Letzter B\u00fcrgermeister bis &#8230; <a title=\"Canditten im \u00dcberblick\" class=\"read-more\" href=\"https:\/\/canditten.de\/?page_id=28\" aria-label=\"Mehr Informationen \u00fcber Canditten im \u00dcberblick\">Weiterlesen<\/a><\/p>\n","protected":false},"author":8,"featured_media":0,"parent":0,"menu_order":0,"comment_status":"closed","ping_status":"closed","template":"","meta":{"footnotes":""},"class_list":["post-28","page","type-page","status-publish"],"_links":{"self":[{"href":"https:\/\/canditten.de\/index.php?rest_route=\/wp\/v2\/pages\/28","targetHints":{"allow":["GET"]}}],"collection":[{"href":"https:\/\/canditten.de\/index.php?rest_route=\/wp\/v2\/pages"}],"about":[{"href":"https:\/\/canditten.de\/index.php?rest_route=\/wp\/v2\/types\/page"}],"author":[{"embeddable":true,"href":"https:\/\/canditten.de\/index.php?rest_route=\/wp\/v2\/users\/8"}],"replies":[{"embeddable":true,"href":"https:\/\/canditten.de\/index.php?rest_route=%2Fwp%2Fv2%2Fcomments&post=28"}],"version-history":[{"count":7,"href":"https:\/\/canditten.de\/index.php?rest_route=\/wp\/v2\/pages\/28\/revisions"}],"predecessor-version":[{"id":731,"href":"https:\/\/canditten.de\/index.php?rest_route=\/wp\/v2\/pages\/28\/revisions\/731"}],"wp:attachment":[{"href":"https:\/\/canditten.de\/index.php?rest_route=%2Fwp%2Fv2%2Fmedia&parent=28"}],"curies":[{"name":"wp","href":"https:\/\/api.w.org\/{rel}","templated":true}]}}